{"id":87,"date":"2020-01-27T11:30:22","date_gmt":"2020-01-27T10:30:22","guid":{"rendered":"http:\/\/new.erretxiki-olasagasti.eus\/portada\/"},"modified":"2020-03-10T09:28:37","modified_gmt":"2020-03-10T08:28:37","slug":"portada","status":"publish","type":"page","link":"https:\/\/erretxiki-olasagasti.eus\/es\/","title":{"rendered":"Erretxiki &#8211; Olasagasti"},"content":{"rendered":"\n<h2 class=\"wp-block-heading\">Erretxiki &#8211; Olasagasti<\/h2>\n\n\n\n<div class=\"wp-block-columns is-layout-flex wp-container-core-columns-is-layout-9d6595d7 wp-block-columns-is-layout-flex\">\n<div class=\"wp-block-column is-layout-flow wp-block-column-is-layout-flow\">\n<p>Somos una empresa familiar  ubicada en Oiartzun y Hernani. <strong>Adem\u00e1s de piensos para animales, vendemos productos para la huerta, para el sector agr\u00edcola y ganadero.<\/strong><\/p>\n\n\n\n<p>Nuestro objetivo es proporcionar <strong>productos y servicios de alta calidad<\/strong>, y mejorar cada d\u00eda en el conocimiento de las necesidades de nuestros clientes.<\/p>\n\n\n\n<p>Para nosotros, la verdadera calidad es <strong>la satisfacci\u00f3n del trabajo bien hecho<\/strong> y el saber que proporcionamos un servicio adaptado a las necesidades de cada uno de nuestros clientes, a\u00f1adiendo valor a los productos que vedemos.<\/p>\n\n\n\n<p>La empresa se fund\u00f3 en Oiartzun <strong>en 2005 por la familia de <em>baserritarras<\/em> <em>Erretxiki<\/em><\/strong>. La actividad principal fue la venta de cereales, piensos, fertilizantes y semillas.<\/p>\n<\/div>\n\n\n\n<div class=\"wp-block-column is-layout-flow wp-block-column-is-layout-flow\">\n<p>En 2013 se incorpor\u00f3 la siguiente generaci\u00f3n, y en 2016 abrimos <strong>en Hernani un segundo almac\u00e9n<\/strong> con el nombre de <em><strong>Olasagasti<\/strong><\/em>. <\/p>\n\n\n\n<p>Despu\u00e9s, y pensando en las necesidades del mercado, mejoramos nuestras instalaciones en Oiartzun, para ofrecer <strong>servicios nuevos y un espacio m\u00e1s amplio<\/strong> a los agricultores y ganaderos. Por \u00faltimo, hemos puesto en marcha <strong>nuestro propio invernadero<\/strong> para poder abastecer de la mejor forma los huertos de nuestros clientes.<\/p>\n\n\n\n<p>Ofrecemos productos agr\u00edcolas y ganaderos en ambos almacenes, donde nuestros clientes pueden encontrar <strong>todos los productos que est\u00e1n buscando<\/strong>.<\/p>\n<\/div>\n<\/div>\n","protected":false},"excerpt":{"rendered":"<p>Erretxiki &#8211; Olasagasti Somos una empresa familiar ubicada en Oiartzun y Hernani. Adem\u00e1s de piensos para animales, vendemos productos para la huerta, para el sector agr\u00edcola y ganadero. Nuestro objetivo es proporcionar productos y servicios de alta calidad, y mejorar cada d\u00eda en el conocimiento de las necesidades de nuestros clientes. Para nosotros, la verdadera [&hellip;]<\/p>\n","protected":false},"author":1,"featured_media":0,"parent":0,"menu_order":0,"comment_status":"closed","ping_status":"closed","template":"page-portada.php","meta":{"footnotes":""},"class_list":["post-87","page","type-page","status-publish","hentry"],"yoast_head":"<!-- This site is optimized with the Yoast SEO plugin v27.3 - https:\/\/yoast.com\/product\/yoast-seo-wordpress\/ -->\n<title>Erretxiki - Olasagasti. En Hernani y en Oiartzun<\/title>\n<meta name=\"description\" content=\"Semillas y plantas, productos para la huerta y el ganado. Fertilizantes para huertos y jardines. Ferreter\u00eda, jaulas para animales, comederos y todo lo que necesitas.\" \/>\n<meta name=\"robots\" content=\"index, follow, max-snippet:-1, max-image-preview:large, max-video-preview:-1\" \/>\n<link rel=\"canonical\" href=\"https:\/\/erretxiki-olasagasti.eus\/es\/\" \/>\n<meta property=\"og:locale\" content=\"es_ES\" \/>\n<meta property=\"og:type\" content=\"article\" \/>\n<meta property=\"og:title\" content=\"Erretxiki - Olasagasti. En Hernani y en Oiartzun\" \/>\n<meta property=\"og:description\" content=\"Semillas y plantas, productos para la huerta y el ganado. Fertilizantes para huertos y jardines. Ferreter\u00eda, jaulas para animales, comederos y todo lo que necesitas.\" \/>\n<meta property=\"og:url\" content=\"https:\/\/erretxiki-olasagasti.eus\/es\/\" \/>\n<meta property=\"og:site_name\" content=\"Erretxiki - Olasagasti, nekazarien txokoa. Hernani eta Oiartzun\" \/>\n<meta property=\"article:publisher\" content=\"https:\/\/www.facebook.com\/Erretxiki-Olasagasti-102576394586704\" \/>\n<meta property=\"article:modified_time\" content=\"2020-03-10T08:28:37+00:00\" \/>\n<meta name=\"twitter:card\" content=\"summary_large_image\" \/>\n<meta name=\"twitter:label1\" content=\"Tiempo de lectura\" \/>\n\t<meta name=\"twitter:data1\" content=\"1 minuto\" \/>\n<script type=\"application\/ld+json\" class=\"yoast-schema-graph\">{\"@context\":\"https:\\\/\\\/schema.org\",\"@graph\":[{\"@type\":\"WebPage\",\"@id\":\"https:\\\/\\\/erretxiki-olasagasti.eus\\\/es\\\/\",\"url\":\"https:\\\/\\\/erretxiki-olasagasti.eus\\\/es\\\/\",\"name\":\"Erretxiki - Olasagasti. En Hernani y en Oiartzun\",\"isPartOf\":{\"@id\":\"https:\\\/\\\/erretxiki-olasagasti.eus\\\/es\\\/#website\"},\"datePublished\":\"2020-01-27T10:30:22+00:00\",\"dateModified\":\"2020-03-10T08:28:37+00:00\",\"description\":\"Semillas y plantas, productos para la huerta y el ganado. Fertilizantes para huertos y jardines. Ferreter\u00eda, jaulas para animales, comederos y todo lo que necesitas.\",\"breadcrumb\":{\"@id\":\"https:\\\/\\\/erretxiki-olasagasti.eus\\\/es\\\/#breadcrumb\"},\"inLanguage\":\"es\",\"potentialAction\":[{\"@type\":\"ReadAction\",\"target\":[\"https:\\\/\\\/erretxiki-olasagasti.eus\\\/es\\\/\"]}]},{\"@type\":\"BreadcrumbList\",\"@id\":\"https:\\\/\\\/erretxiki-olasagasti.eus\\\/es\\\/#breadcrumb\",\"itemListElement\":[{\"@type\":\"ListItem\",\"position\":1,\"name\":\"Home\",\"item\":\"https:\\\/\\\/erretxiki-olasagasti.eus\\\/es\\\/\"},{\"@type\":\"ListItem\",\"position\":2,\"name\":\"Erretxiki &#8211; Olasagasti\"}]},{\"@type\":\"WebSite\",\"@id\":\"https:\\\/\\\/erretxiki-olasagasti.eus\\\/es\\\/#website\",\"url\":\"https:\\\/\\\/erretxiki-olasagasti.eus\\\/es\\\/\",\"name\":\"Erretxiki - Olasagasti, nekazarien txokoa. Hernani eta Oiartzun\",\"description\":\"Semillas y plantas, productos para la huerta y el ganado. Fertilizantes para huertos y jardines. Ferreter\u00eda, jaulas para animales, comederos y todo lo que necesitas.\",\"publisher\":{\"@id\":\"https:\\\/\\\/erretxiki-olasagasti.eus\\\/es\\\/#organization\"},\"potentialAction\":[{\"@type\":\"SearchAction\",\"target\":{\"@type\":\"EntryPoint\",\"urlTemplate\":\"https:\\\/\\\/erretxiki-olasagasti.eus\\\/es\\\/?s={search_term_string}\"},\"query-input\":{\"@type\":\"PropertyValueSpecification\",\"valueRequired\":true,\"valueName\":\"search_term_string\"}}],\"inLanguage\":\"es\"},{\"@type\":\"Organization\",\"@id\":\"https:\\\/\\\/erretxiki-olasagasti.eus\\\/es\\\/#organization\",\"name\":\"Erretxiki - Olasagasti\",\"url\":\"https:\\\/\\\/erretxiki-olasagasti.eus\\\/es\\\/\",\"logo\":{\"@type\":\"ImageObject\",\"inLanguage\":\"es\",\"@id\":\"https:\\\/\\\/erretxiki-olasagasti.eus\\\/es\\\/#\\\/schema\\\/logo\\\/image\\\/\",\"url\":\"https:\\\/\\\/erretxiki-olasagasti.eus\\\/wp-content\\\/uploads\\\/2020\\\/01\\\/Erretxiki-Olasagasti-logo.png\",\"contentUrl\":\"https:\\\/\\\/erretxiki-olasagasti.eus\\\/wp-content\\\/uploads\\\/2020\\\/01\\\/Erretxiki-Olasagasti-logo.png\",\"width\":260,\"height\":285,\"caption\":\"Erretxiki - Olasagasti\"},\"image\":{\"@id\":\"https:\\\/\\\/erretxiki-olasagasti.eus\\\/es\\\/#\\\/schema\\\/logo\\\/image\\\/\"},\"sameAs\":[\"https:\\\/\\\/www.facebook.com\\\/Erretxiki-Olasagasti-102576394586704\",\"https:\\\/\\\/www.instagram.com\\\/erretxikiolasagasti\\\/\"]}]}<\/script>\n<!-- \/ Yoast SEO plugin. -->","yoast_head_json":{"title":"Erretxiki - Olasagasti. En Hernani y en Oiartzun","description":"Semillas y plantas, productos para la huerta y el ganado. Fertilizantes para huertos y jardines. Ferreter\u00eda, jaulas para animales, comederos y todo lo que necesitas.","robots":{"index":"index","follow":"follow","max-snippet":"max-snippet:-1","max-image-preview":"max-image-preview:large","max-video-preview":"max-video-preview:-1"},"canonical":"https:\/\/erretxiki-olasagasti.eus\/es\/","og_locale":"es_ES","og_type":"article","og_title":"Erretxiki - Olasagasti. En Hernani y en Oiartzun","og_description":"Semillas y plantas, productos para la huerta y el ganado. Fertilizantes para huertos y jardines. Ferreter\u00eda, jaulas para animales, comederos y todo lo que necesitas.","og_url":"https:\/\/erretxiki-olasagasti.eus\/es\/","og_site_name":"Erretxiki - Olasagasti, nekazarien txokoa. Hernani eta Oiartzun","article_publisher":"https:\/\/www.facebook.com\/Erretxiki-Olasagasti-102576394586704","article_modified_time":"2020-03-10T08:28:37+00:00","twitter_card":"summary_large_image","twitter_misc":{"Tiempo de lectura":"1 minuto"},"schema":{"@context":"https:\/\/schema.org","@graph":[{"@type":"WebPage","@id":"https:\/\/erretxiki-olasagasti.eus\/es\/","url":"https:\/\/erretxiki-olasagasti.eus\/es\/","name":"Erretxiki - Olasagasti. En Hernani y en Oiartzun","isPartOf":{"@id":"https:\/\/erretxiki-olasagasti.eus\/es\/#website"},"datePublished":"2020-01-27T10:30:22+00:00","dateModified":"2020-03-10T08:28:37+00:00","description":"Semillas y plantas, productos para la huerta y el ganado. Fertilizantes para huertos y jardines. Ferreter\u00eda, jaulas para animales, comederos y todo lo que necesitas.","breadcrumb":{"@id":"https:\/\/erretxiki-olasagasti.eus\/es\/#breadcrumb"},"inLanguage":"es","potentialAction":[{"@type":"ReadAction","target":["https:\/\/erretxiki-olasagasti.eus\/es\/"]}]},{"@type":"BreadcrumbList","@id":"https:\/\/erretxiki-olasagasti.eus\/es\/#breadcrumb","itemListElement":[{"@type":"ListItem","position":1,"name":"Home","item":"https:\/\/erretxiki-olasagasti.eus\/es\/"},{"@type":"ListItem","position":2,"name":"Erretxiki &#8211; Olasagasti"}]},{"@type":"WebSite","@id":"https:\/\/erretxiki-olasagasti.eus\/es\/#website","url":"https:\/\/erretxiki-olasagasti.eus\/es\/","name":"Erretxiki - Olasagasti, nekazarien txokoa. Hernani eta Oiartzun","description":"Semillas y plantas, productos para la huerta y el ganado. Fertilizantes para huertos y jardines. Ferreter\u00eda, jaulas para animales, comederos y todo lo que necesitas.","publisher":{"@id":"https:\/\/erretxiki-olasagasti.eus\/es\/#organization"},"potentialAction":[{"@type":"SearchAction","target":{"@type":"EntryPoint","urlTemplate":"https:\/\/erretxiki-olasagasti.eus\/es\/?s={search_term_string}"},"query-input":{"@type":"PropertyValueSpecification","valueRequired":true,"valueName":"search_term_string"}}],"inLanguage":"es"},{"@type":"Organization","@id":"https:\/\/erretxiki-olasagasti.eus\/es\/#organization","name":"Erretxiki - Olasagasti","url":"https:\/\/erretxiki-olasagasti.eus\/es\/","logo":{"@type":"ImageObject","inLanguage":"es","@id":"https:\/\/erretxiki-olasagasti.eus\/es\/#\/schema\/logo\/image\/","url":"https:\/\/erretxiki-olasagasti.eus\/wp-content\/uploads\/2020\/01\/Erretxiki-Olasagasti-logo.png","contentUrl":"https:\/\/erretxiki-olasagasti.eus\/wp-content\/uploads\/2020\/01\/Erretxiki-Olasagasti-logo.png","width":260,"height":285,"caption":"Erretxiki - Olasagasti"},"image":{"@id":"https:\/\/erretxiki-olasagasti.eus\/es\/#\/schema\/logo\/image\/"},"sameAs":["https:\/\/www.facebook.com\/Erretxiki-Olasagasti-102576394586704","https:\/\/www.instagram.com\/erretxikiolasagasti\/"]}]}},"_links":{"self":[{"href":"https:\/\/erretxiki-olasagasti.eus\/es\/wp-json\/wp\/v2\/pages\/87","targetHints":{"allow":["GET"]}}],"collection":[{"href":"https:\/\/erretxiki-olasagasti.eus\/es\/wp-json\/wp\/v2\/pages"}],"about":[{"href":"https:\/\/erretxiki-olasagasti.eus\/es\/wp-json\/wp\/v2\/types\/page"}],"author":[{"embeddable":true,"href":"https:\/\/erretxiki-olasagasti.eus\/es\/wp-json\/wp\/v2\/users\/1"}],"replies":[{"embeddable":true,"href":"https:\/\/erretxiki-olasagasti.eus\/es\/wp-json\/wp\/v2\/comments?post=87"}],"version-history":[{"count":21,"href":"https:\/\/erretxiki-olasagasti.eus\/es\/wp-json\/wp\/v2\/pages\/87\/revisions"}],"predecessor-version":[{"id":145,"href":"https:\/\/erretxiki-olasagasti.eus\/es\/wp-json\/wp\/v2\/pages\/87\/revisions\/145"}],"wp:attachment":[{"href":"https:\/\/erretxiki-olasagasti.eus\/es\/wp-json\/wp\/v2\/media?parent=87"}],"curies":[{"name":"wp","href":"https:\/\/api.w.org\/{rel}","templated":true}]}}